{"id":314,"date":"2025-02-01T16:44:42","date_gmt":"2025-02-01T14:44:42","guid":{"rendered":"https:\/\/www.ulrike-dorner.at\/?page_id=314"},"modified":"2025-11-06T22:18:48","modified_gmt":"2025-11-06T20:18:48","slug":"hundegestuetzte-psychotherapie","status":"publish","type":"page","link":"https:\/\/www.ulrike-dorner.at\/?page_id=314","title":{"rendered":"Hundegest\u00fctzte Psychotherapie"},"content":{"rendered":"<p><img loading=\"lazy\" decoding=\"async\" class=\" wp-image-213 alignright\" src=\"http:\/\/www.ulrike-dorner.at\/wp-content\/uploads\/2024\/08\/DSC_35web17-2.jpg\" alt=\"\" width=\"377\" height=\"255\"><\/p>\n<p>Seit dem Fr\u00fchjahr 2024 unterst\u00fctzt mich mein kleiner <strong>Amigo<\/strong>, er ist wirklich ein kleiner Freund und versteht es mit seiner Empathie Br\u00fccken zu bauen.<\/p>\n<p>Ausbildung zum Therapiebegleithunde -Team.<\/p>\n","protected":false},"excerpt":{"rendered":"<p>Seit dem Fr\u00fchjahr 2024 unterst\u00fctzt mich mein kleiner Amigo, er ist wirklich ein kleiner Freund und versteht es mit seiner Empathie Br\u00fccken zu bauen. Ausbildung zum Therapiebegleithunde -Team.<\/p>\n","protected":false},"author":2,"featured_media":0,"parent":47,"menu_order":0,"comment_status":"closed","ping_status":"closed","template":"","meta":{"ngg_post_thumbnail":0,"footnotes":""},"class_list":["post-314","page","type-page","status-publish","hentry"],"_links":{"self":[{"href":"https:\/\/www.ulrike-dorner.at\/index.php?rest_route=\/wp\/v2\/pages\/314","targetHints":{"allow":["GET"]}}],"collection":[{"href":"https:\/\/www.ulrike-dorner.at\/index.php?rest_route=\/wp\/v2\/pages"}],"about":[{"href":"https:\/\/www.ulrike-dorner.at\/index.php?rest_route=\/wp\/v2\/types\/page"}],"author":[{"embeddable":true,"href":"https:\/\/www.ulrike-dorner.at\/index.php?rest_route=\/wp\/v2\/users\/2"}],"replies":[{"embeddable":true,"href":"https:\/\/www.ulrike-dorner.at\/index.php?rest_route=%2Fwp%2Fv2%2Fcomments&post=314"}],"version-history":[{"count":5,"href":"https:\/\/www.ulrike-dorner.at\/index.php?rest_route=\/wp\/v2\/pages\/314\/revisions"}],"predecessor-version":[{"id":406,"href":"https:\/\/www.ulrike-dorner.at\/index.php?rest_route=\/wp\/v2\/pages\/314\/revisions\/406"}],"up":[{"embeddable":true,"href":"https:\/\/www.ulrike-dorner.at\/index.php?rest_route=\/wp\/v2\/pages\/47"}],"wp:attachment":[{"href":"https:\/\/www.ulrike-dorner.at\/index.php?rest_route=%2Fwp%2Fv2%2Fmedia&parent=314"}],"curies":[{"name":"wp","href":"https:\/\/api.w.org\/{rel}","templated":true}]}}