{"id":155,"date":"2021-06-28T15:46:21","date_gmt":"2021-06-28T13:46:21","guid":{"rendered":"http:\/\/www.ulrike-dorner.at\/?page_id=155"},"modified":"2021-06-29T09:25:46","modified_gmt":"2021-06-29T07:25:46","slug":"datenschutzerklaerung","status":"publish","type":"page","link":"https:\/\/www.ulrike-dorner.at\/?page_id=155","title":{"rendered":"Datenschutzerkl\u00e4rung und Impressum"},"content":{"rendered":"<h1>DATENSCHUTZERKL\u00c4RUNG<\/h1>\n<p>Ihre bei Nutzung unseres Internetauftritts verarbeiteten Daten werden gel\u00f6scht oder gesperrt, sobald der Zweck der Speicherung entf\u00e4llt, der L\u00f6schung der Daten keine gesetzlichen Aufbewahrungspflichten entgegenstehen und nachfolgend keine anderslautenden Angaben zu einzelnen Verarbeitungsverfahren gemacht werden.<\/p>\n<h2>Verantwortlicher<\/h2>\n<p>Datenschutzrechtlicher Verantwortlicher f\u00fcr die Website ist<br \/>\n<code><div class=\"impressum__imprint-container\"><dl><dt>Name<\/dt><dd>Mag. Ulrike Dorner<\/dd><\/dl><dl><dt>Adresse<\/dt><dd>Hauptstra\u00dfe 26<br \/>\r\nA-7372 Markt St. Martin<\/dd><\/dl><dl><dt>E-Mail-Adresse<\/dt><dd><a href=\"mailto:info@horses4you.at\">info@horses4you.at<\/a><\/dd><\/dl><dl><dt>Telefon<\/dt><dd>+436642618593<\/dd><\/dl><\/div><\/code><\/p>\n<p><code><\/code>Wenn Sie Fragen zur Verarbeitung Ihrer personenbezogenen Daten haben, k\u00f6nnen Sie sich gerne an uns wenden.<\/p>\n<p>Sie erreichen uns unter folgenden Kontaktdaten:<\/p>\n<p><code><div class=\"impressum__imprint-container\"><dl><dt>Name<\/dt><dd>Mag. Ulrike Dorner<\/dd><\/dl><dl><dt>Adresse<\/dt><dd>Hauptstra\u00dfe 26<br \/>\r\nA-7372 Markt St. Martin<\/dd><\/dl><dl><dt>E-Mail-Adresse<\/dt><dd><a href=\"mailto:info@horses4you.at\">info@horses4you.at<\/a><\/dd><\/dl><dl><dt>Telefon<\/dt><dd>+436642618593<\/dd><\/dl><\/div><\/code><\/p>\n<p>Folgende Daten werden im Rahmen der Website verarbeitet:<\/p>\n<h2>Serverdaten<\/h2>\n<p>Aus technischen Gr\u00fcnden, insbesondere zur Gew\u00e4hrleistung eines sicheren und stabilen Internetauftritts, werden Daten durch Ihren Internet-Browser an uns bzw. an unseren Webspace-Provider \u00fcbermittelt. Mit diesen sog. Server-Logfiles werden u.a. Typ und Version Ihres Internetbrowsers, das Betriebssystem, die Website, von der aus Sie auf unseren Internetauftritt gewechselt haben (Referrer URL), die Website(s) unseres Internetauftritts, die Sie besuchen, Datum und Uhrzeit des jeweiligen Zugriffs sowie die IP-Adresse des Internetanschlusses, von dem aus die Nutzung unseres Internetauftritts erfolgt, erhoben.<\/p>\n<p>Diese so erhobenen Daten werden vor\u00fcbergehend gespeichert, dies jedoch nicht gemeinsam mit anderen Daten von Ihnen.<\/p>\n<p>Diese Speicherung erfolgt auf der Rechtsgrundlage von Art. 6 Abs. 1 lit. f) DSGVO. Unser berechtigtes Interesse liegt in der Verbesserung, Stabilit\u00e4t, Funktionalit\u00e4t und Sicherheit unseres Internetauftritts.<\/p>\n<p>Die Daten werden sp\u00e4testens nach 2 Wochen wieder gel\u00f6scht, soweit keine weitere Aufbewahrung zu Beweiszwecken erforderlich ist. Andernfalls sind die Daten bis zur endg\u00fcltigen Kl\u00e4rung eines Vorfalls ganz oder teilweise von der L\u00f6schung ausgenommen.<\/p>\n<h2>Cookies<\/h2>\n<h3>a) Sitzungs-Cookies\/Session-Cookies<\/h3>\n<p>Wir verwenden mit unserem Internetauftritt sog. Cookies. Cookies sind kleine Textdateien oder andere Speichertechnologien, die durch den von Ihnen eingesetzten Internet-Browser auf Ihrem Endger\u00e4t abgelegt und gespeichert werden. Durch diese Cookies werden im individuellen Umfang bestimmte Informationen von Ihnen, wie beispielsweise Ihre Browser- oder Standortdaten oder Ihre IP-Adresse, verarbeitet.<br \/>\nDurch diese Verarbeitung wird unser Internetauftritt benutzerfreundlicher, effektiver und sicherer, da die Verarbeitung bspw. die Wiedergabe unseres Internetauftritts in unterschiedlichen Sprachen oder das Angebot einer Warenkorbfunktion erm\u00f6glicht.<br \/>\nRechtsgrundlage dieser Verarbeitung ist Art. 6 Abs. 1 lit. f) DSGVO. Unser berechtigtes Interesse liegt in der Verbesserung der Funktionalit\u00e4t unseres Internetauftritts. Mit dem Schlie\u00dfen Ihres Internet-Browsers werden diese Session-Cookies gel\u00f6scht.<\/p>\n<h3>b) Beseitigungsm\u00f6glichkeit<\/h3>\n<p>Sie k\u00f6nnen die Installation der Cookies durch eine Einstellung Ihres Internet-Browsers verhindern oder einschr\u00e4nken. Ebenfalls k\u00f6nnen Sie bereits gespeicherte Cookies jederzeit l\u00f6schen. Die hierf\u00fcr erforderlichen Schritte und Ma\u00dfnahmen h\u00e4ngen jedoch von Ihrem konkret genutzten Internet-Browser ab. Bei Fragen benutzen Sie daher bitte die Hilfefunktion oder Dokumentation Ihres Internet-Browsers oder wenden sich an dessen Hersteller bzw. Support.<br \/>\nSollten Sie die Installation der Cookies verhindern oder einschr\u00e4nken, kann dies allerdings dazu f\u00fchren, dass nicht s\u00e4mtliche Funktionen unseres Internetauftritts vollumf\u00e4nglich nutzbar sind.<\/p>\n<h2>Kontaktformular<\/h2>\n<p>Damit Sie mit uns in Kontakt treten k\u00f6nnen, bieten wir ein Kontaktformular an.<br \/>\nBei der Kontaktaufnahme durch Sie verarbeiten wir Ihre folgenden personenbezogene Daten:<\/p>\n<ul>\n<li>Name<\/li>\n<li>E-Mail-Adresse<\/li>\n<li>Betreff<\/li>\n<li>Ihre individuelle Nachricht<\/li>\n<li>Wir verarbeiten Ihre Kontaktdaten zum Zweck der Kontaktaufnahme.<\/li>\n<\/ul>\n<p>Es werden nur solche personenbezogenen Daten verarbeitet, die Sie uns freiwillig zur Verf\u00fcgung gestellt haben. Die uns zur Verf\u00fcgung gestellten Daten werden nicht f\u00fcr andere Zwecke verarbeitet.<\/p>\n<p>Diese Verarbeitung erfolgt auf der Rechtsgrundlage von Art. 6 Abs. 1 lit. f) DSGVO. Unser berechtigtes Interesse liegt in Bearbeitung von Kontaktaufnahmen und in der Vertretung der Interessen unserer MitgliederInnen als unabh\u00e4ngige Interessensvertretung.<\/p>\n<p>Wir speichern Ihre personenbezogenen Daten nur so lange, wie wir diese f\u00fcr die Erf\u00fcllung der oben dargestellten Zwecke und unserer vertraglichen bzw. gesetzlichen Verpflichtungen ben\u00f6tigen. Wenn Ihre personenbezogenen Daten nicht mehr ben\u00f6tigt werden, werden diese unwiderruflich gel\u00f6scht.<\/p>\n<p>Die Zustimmung zur Verarbeitung von personenbezogenen Daten kann durch ein kurzes Schreiben uns, z. B. unter inf[at]horses4you.at jederzeit widerrufen werden.<\/p>\n<h2>\u00dcbermittlung von Daten an Dritte<\/h2>\n<p>Die im Zuge der Website-Nutzung gesammelten personenbezogenen Daten werden nicht an Dritte weitergegeben.<\/p>\n<h2>Datensicherheit<\/h2>\n<p>Der Schutz Ihrer personenbezogenen Daten erfolgt durch entsprechende organisatorische und technische Vorkehrungen. Diese Vorkehrungen betreffen insbesondere den Schutz vor unerlaubtem, rechtswidrigem oder auch zuf\u00e4lligem Zugriff, Verarbeitung, Verlust, Verwendung und Manipulation.<\/p>\n<h2>Ihre Rechte (Betroffenenrechte)<\/h2>\n<p>Sie haben das Recht auf Auskunft \u00fcber die von uns verarbeiteten personenbezogenen Daten. Des Weiteren haben Sie das Recht auf Berichtigung, Widerspruch, Einschr\u00e4nkung der Verarbeitung und Daten\u00fcbertragbarkeit und k\u00f6nnen jederzeit die Einwilligung widerrufen. Sie haben au\u00dferdem die M\u00f6glichkeit, sich mit einer Beschwerde an eine Datenschutzaufsichtsbeh\u00f6rde zu wenden. Die f\u00fcr uns zust\u00e4ndige Datenschutzaufsichtsbeh\u00f6rde ist die \u00d6sterreichische Datenschutzbeh\u00f6rde.<code><\/code><\/p>\n","protected":false},"excerpt":{"rendered":"<p>DATENSCHUTZERKL\u00c4RUNG Ihre bei Nutzung unseres Internetauftritts verarbeiteten Daten werden gel\u00f6scht oder gesperrt, sobald der Zweck der Speicherung entf\u00e4llt, der L\u00f6schung der Daten keine gesetzlichen Aufbewahrungspflichten entgegenstehen und nachfolgend keine anderslautenden Angaben zu einzelnen Verarbeitungsverfahren gemacht werden. Verantwortlicher Datenschutzrechtlicher Verantwortlicher f\u00fcr &hellip; <a href=\"https:\/\/www.ulrike-dorner.at\/?page_id=155\">Weiterlesen <span class=\"meta-nav\">&rarr;<\/span><\/a><\/p>\n","protected":false},"author":1,"featured_media":0,"parent":0,"menu_order":0,"comment_status":"closed","ping_status":"closed","template":"","meta":{"ngg_post_thumbnail":0,"footnotes":""},"class_list":["post-155","page","type-page","status-publish","hentry"],"_links":{"self":[{"href":"https:\/\/www.ulrike-dorner.at\/index.php?rest_route=\/wp\/v2\/pages\/155","targetHints":{"allow":["GET"]}}],"collection":[{"href":"https:\/\/www.ulrike-dorner.at\/index.php?rest_route=\/wp\/v2\/pages"}],"about":[{"href":"https:\/\/www.ulrike-dorner.at\/index.php?rest_route=\/wp\/v2\/types\/page"}],"author":[{"embeddable":true,"href":"https:\/\/www.ulrike-dorner.at\/index.php?rest_route=\/wp\/v2\/users\/1"}],"replies":[{"embeddable":true,"href":"https:\/\/www.ulrike-dorner.at\/index.php?rest_route=%2Fwp%2Fv2%2Fcomments&post=155"}],"version-history":[{"count":4,"href":"https:\/\/www.ulrike-dorner.at\/index.php?rest_route=\/wp\/v2\/pages\/155\/revisions"}],"predecessor-version":[{"id":198,"href":"https:\/\/www.ulrike-dorner.at\/index.php?rest_route=\/wp\/v2\/pages\/155\/revisions\/198"}],"wp:attachment":[{"href":"https:\/\/www.ulrike-dorner.at\/index.php?rest_route=%2Fwp%2Fv2%2Fmedia&parent=155"}],"curies":[{"name":"wp","href":"https:\/\/api.w.org\/{rel}","templated":true}]}}